{"id":11804,"date":"2023-04-18T17:25:51","date_gmt":"2023-04-18T15:25:51","guid":{"rendered":"https:\/\/somnyze.com\/?page_id=11804"},"modified":"2023-07-05T16:21:34","modified_gmt":"2023-07-05T14:21:34","slug":"test-de-maintien-deveil-tme","status":"publish","type":"page","link":"https:\/\/somnyze.com\/index.php\/test-de-maintien-deveil-tme\/","title":{"rendered":"Test de maintien d\u2019\u00e9veil (TME)"},"content":{"rendered":"\t\t<div data-elementor-type=\"wp-page\" data-elementor-id=\"11804\" class=\"elementor elementor-11804\" data-elementor-post-type=\"page\">\n\t\t\t\t\t\t<section class=\"elementor-section elementor-top-section elementor-element elementor-element-21a0693b elementor-section-height-min-height elementor-section-full_width elementor-section-content-top elementor-section-items-stretch elementor-section-height-default\" data-id=\"21a0693b\" data-element_type=\"section\" data-e-type=\"section\" data-settings=\"{&quot;background_background&quot;:&quot;classic&quot;}\">\n\t\t\t\t\t\t<div class=\"elementor-container elementor-column-gap-no\">\n\t\t\t\t\t<div class=\"elementor-column elementor-col-100 elementor-top-column elementor-element elementor-element-4ea59a51\" data-id=\"4ea59a51\" data-element_type=\"column\" data-e-type=\"column\">\n\t\t\t<div class=\"elementor-widget-wrap elementor-element-populated\">\n\t\t\t\t\t\t<div class=\"elementor-element elementor-element-212b51f elementor-widget elementor-widget-spacer\" data-id=\"212b51f\" data-element_type=\"widget\" data-e-type=\"widget\" data-widget_type=\"spacer.default\">\n\t\t\t\t<div class=\"elementor-widget-container\">\n\t\t\t\t\t\t\t<div class=\"elementor-spacer\">\n\t\t\t<div class=\"elementor-spacer-inner\"><\/div>\n\t\t<\/div>\n\t\t\t\t\t\t<\/div>\n\t\t\t\t<\/div>\n\t\t\t\t<div class=\"elementor-element elementor-element-41b179ce elementor-invisible elementor-widget elementor-widget-heading\" data-id=\"41b179ce\" data-element_type=\"widget\" data-e-type=\"widget\" data-settings=\"{&quot;_animation&quot;:&quot;fadeInUp&quot;}\" data-widget_type=\"heading.default\">\n\t\t\t\t<div class=\"elementor-widget-container\">\n\t\t\t\t\t<h1 class=\"elementor-heading-title elementor-size-default\">Test de maintien d\u2019\u00e9veil (TME) <\/h1>\t\t\t\t<\/div>\n\t\t\t\t<\/div>\n\t\t\t\t\t<\/div>\n\t\t<\/div>\n\t\t\t\t\t<\/div>\n\t\t<\/section>\n\t\t\t\t<section class=\"elementor-section elementor-top-section elementor-element elementor-element-71c083c9 elementor-section-full_width elementor-section-height-default elementor-section-height-default\" data-id=\"71c083c9\" data-element_type=\"section\" data-e-type=\"section\">\n\t\t\t\t\t\t<div class=\"elementor-container elementor-column-gap-no\">\n\t\t\t\t\t<div class=\"elementor-column elementor-col-50 elementor-top-column elementor-element elementor-element-3f5dabca\" data-id=\"3f5dabca\" data-element_type=\"column\" data-e-type=\"column\" data-settings=\"{&quot;background_background&quot;:&quot;gradient&quot;}\">\n\t\t\t<div class=\"elementor-widget-wrap elementor-element-populated\">\n\t\t\t\t\t\t<div class=\"elementor-element elementor-element-12903bf7 elementor-widget elementor-widget-image\" data-id=\"12903bf7\" data-element_type=\"widget\" data-e-type=\"widget\" data-widget_type=\"image.default\">\n\t\t\t\t<div class=\"elementor-widget-container\">\n\t\t\t\t\t\t\t\t\t\t\t\t\t\t\t<img fetchpriority=\"high\" decoding=\"async\" width=\"1707\" height=\"1632\" src=\"https:\/\/somnyze.com\/wp-content\/uploads\/2023\/04\/P1054774-scaled-e1686556796137.webp\" class=\"attachment-full size-full wp-image-11877\" alt=\"Femme effectuant des tests de maintien d&#039;\u00e9veil lors d&#039;un examen du sommeil\" srcset=\"https:\/\/somnyze.com\/wp-content\/uploads\/2023\/04\/P1054774-scaled-e1686556796137.webp 1707w, https:\/\/somnyze.com\/wp-content\/uploads\/2023\/04\/P1054774-scaled-e1686556796137-300x287.webp 300w, https:\/\/somnyze.com\/wp-content\/uploads\/2023\/04\/P1054774-scaled-e1686556796137-1024x979.webp 1024w, https:\/\/somnyze.com\/wp-content\/uploads\/2023\/04\/P1054774-scaled-e1686556796137-768x734.webp 768w, https:\/\/somnyze.com\/wp-content\/uploads\/2023\/04\/P1054774-scaled-e1686556796137-1536x1469.webp 1536w\" sizes=\"(max-width: 1707px) 100vw, 1707px\" \/>\t\t\t\t\t\t\t\t\t\t\t\t\t\t\t<\/div>\n\t\t\t\t<\/div>\n\t\t\t\t<div class=\"elementor-element elementor-element-7055f28 elementor-widget elementor-widget-video\" data-id=\"7055f28\" data-element_type=\"widget\" data-e-type=\"widget\" data-settings=\"{&quot;video_type&quot;:&quot;hosted&quot;,&quot;controls&quot;:&quot;yes&quot;}\" data-widget_type=\"video.default\">\n\t\t\t\t<div class=\"elementor-widget-container\">\n\t\t\t\t\t\t\t<div class=\"e-hosted-video elementor-wrapper elementor-open-inline\">\n\t\t\t\t\t<video class=\"elementor-video\" src=\"https:\/\/somnyze.com\/wp-content\/uploads\/2023\/06\/TME-720.mp4\" controls=\"\" preload=\"metadata\" controlsList=\"nodownload\"><\/video>\n\t\t\t\t<\/div>\n\t\t\t\t\t\t<\/div>\n\t\t\t\t<\/div>\n\t\t\t\t\t<\/div>\n\t\t<\/div>\n\t\t\t\t<div class=\"elementor-column elementor-col-50 elementor-top-column elementor-element elementor-element-1c795ff7\" data-id=\"1c795ff7\" data-element_type=\"column\" data-e-type=\"column\" data-settings=\"{&quot;background_background&quot;:&quot;classic&quot;}\">\n\t\t\t<div class=\"elementor-widget-wrap elementor-element-populated\">\n\t\t\t\t\t\t<div class=\"elementor-element elementor-element-7b811fd2 elementor-invisible elementor-widget elementor-widget-heading\" data-id=\"7b811fd2\" data-element_type=\"widget\" data-e-type=\"widget\" data-settings=\"{&quot;_animation&quot;:&quot;fadeInUp&quot;}\" data-widget_type=\"heading.default\">\n\t\t\t\t<div class=\"elementor-widget-container\">\n\t\t\t\t\t<h2 class=\"elementor-heading-title elementor-size-default\">la s\u00e9curit\u00e9 pour nos patients<\/h2>\t\t\t\t<\/div>\n\t\t\t\t<\/div>\n\t\t\t\t<div class=\"elementor-element elementor-element-30515dae elementor-widget elementor-widget-text-editor\" data-id=\"30515dae\" data-element_type=\"widget\" data-e-type=\"widget\" data-widget_type=\"text-editor.default\">\n\t\t\t\t<div class=\"elementor-widget-container\">\n\t\t\t\t\t\t\t\t\t<p>les tests de maintien d&rsquo;\u00e9veil permettent d\u2019\u00e9valuer la vigilance et la capacit\u00e9 du patient \u00e0 se maintenir \u00e9veill\u00e9s dans une situation qui n\u2019y est pas propice.<\/p><p>Ces tests sont devenus obligatoire depuis la reforme du 28 mars 2022 mise en application au 02 avril 2022 relatif aux pathologies compatible ou incompatible avec le maintien du permis de conduire et pr\u00e9vois :<\/p>\t\t\t\t\t\t\t\t<\/div>\n\t\t\t\t<\/div>\n\t\t\t\t<div class=\"elementor-element elementor-element-1c0a2b6 elementor-widget elementor-widget-text-editor\" data-id=\"1c0a2b6\" data-element_type=\"widget\" data-e-type=\"widget\" data-widget_type=\"text-editor.default\">\n\t\t\t\t<div class=\"elementor-widget-container\">\n\t\t\t\t\t\t\t\t\t<p>\u00ab\u00a0Pour tout les conducteurs la r\u00e9alisation de tests de maintien d\u2019\u00e9veils, 4 semaines minimum apr\u00e8s la mise en place du traitement qui objectiveront que la somnolence r\u00e9siduelle est compatible avec les activit\u00e9s de la vie courante dont la conduite automobile.\u00a0\u00bb<\/p>\t\t\t\t\t\t\t\t<\/div>\n\t\t\t\t<\/div>\n\t\t\t\t\t<\/div>\n\t\t<\/div>\n\t\t\t\t\t<\/div>\n\t\t<\/section>\n\t\t\t\t<section class=\"elementor-section elementor-top-section elementor-element elementor-element-1c16d4d elementor-section-full_width elementor-section-height-min-height elementor-section-items-stretch elementor-section-content-middle elementor-section-height-default\" data-id=\"1c16d4d\" data-element_type=\"section\" data-e-type=\"section\">\n\t\t\t\t\t\t<div class=\"elementor-container elementor-column-gap-no\">\n\t\t\t\t\t<div class=\"elementor-column elementor-col-100 elementor-top-column elementor-element elementor-element-d223607 elementor-invisible\" data-id=\"d223607\" data-element_type=\"column\" data-e-type=\"column\" data-settings=\"{&quot;background_background&quot;:&quot;classic&quot;,&quot;animation&quot;:&quot;fadeInUp&quot;}\">\n\t\t\t<div class=\"elementor-widget-wrap elementor-element-populated\">\n\t\t\t\t\t\t<div class=\"elementor-element elementor-element-6890914 animated-slow elementor-invisible elementor-widget elementor-widget-heading\" data-id=\"6890914\" data-element_type=\"widget\" data-e-type=\"widget\" data-settings=\"{&quot;_animation&quot;:&quot;fadeInUp&quot;,&quot;_animation_delay&quot;:&quot;0.8&quot;}\" data-widget_type=\"heading.default\">\n\t\t\t\t<div class=\"elementor-widget-container\">\n\t\t\t\t\t<h2 class=\"elementor-heading-title elementor-size-default\">Vous accompagnez dans de bonnes conditions<\/h2>\t\t\t\t<\/div>\n\t\t\t\t<\/div>\n\t\t\t\t\t<\/div>\n\t\t<\/div>\n\t\t\t\t\t<\/div>\n\t\t<\/section>\n\t\t\t\t<section class=\"elementor-section elementor-top-section elementor-element elementor-element-3b7f170b elementor-section-full_width elementor-section-height-min-height elementor-section-items-stretch elementor-section-height-default\" data-id=\"3b7f170b\" data-element_type=\"section\" data-e-type=\"section\">\n\t\t\t\t\t\t<div class=\"elementor-container elementor-column-gap-no\">\n\t\t\t\t\t<div class=\"elementor-column elementor-col-50 elementor-top-column elementor-element elementor-element-7ffab072\" data-id=\"7ffab072\" data-element_type=\"column\" data-e-type=\"column\" data-settings=\"{&quot;background_background&quot;:&quot;classic&quot;}\">\n\t\t\t<div class=\"elementor-widget-wrap elementor-element-populated\">\n\t\t\t\t\t\t<div class=\"elementor-element elementor-element-349759ab elementor-widget elementor-widget-spacer\" data-id=\"349759ab\" data-element_type=\"widget\" data-e-type=\"widget\" data-widget_type=\"spacer.default\">\n\t\t\t\t<div class=\"elementor-widget-container\">\n\t\t\t\t\t\t\t<div class=\"elementor-spacer\">\n\t\t\t<div class=\"elementor-spacer-inner\"><\/div>\n\t\t<\/div>\n\t\t\t\t\t\t<\/div>\n\t\t\t\t<\/div>\n\t\t\t\t\t<\/div>\n\t\t<\/div>\n\t\t\t\t<div class=\"elementor-column elementor-col-50 elementor-top-column elementor-element elementor-element-5b2f1a02\" data-id=\"5b2f1a02\" data-element_type=\"column\" data-e-type=\"column\" data-settings=\"{&quot;background_background&quot;:&quot;classic&quot;}\">\n\t\t\t<div class=\"elementor-widget-wrap elementor-element-populated\">\n\t\t\t\t\t\t<section class=\"elementor-section elementor-inner-section elementor-element elementor-element-5358933a elementor-section-full_width elementor-section-height-default elementor-section-height-default\" data-id=\"5358933a\" data-element_type=\"section\" data-e-type=\"section\">\n\t\t\t\t\t\t<div class=\"elementor-container elementor-column-gap-no\">\n\t\t\t\t\t<div class=\"elementor-column elementor-col-100 elementor-inner-column elementor-element elementor-element-3001b5de\" data-id=\"3001b5de\" data-element_type=\"column\" data-e-type=\"column\">\n\t\t\t<div class=\"elementor-widget-wrap elementor-element-populated\">\n\t\t\t\t\t\t<div class=\"elementor-element elementor-element-2df7e6d elementor-widget elementor-widget-text-editor\" data-id=\"2df7e6d\" data-element_type=\"widget\" data-e-type=\"widget\" data-widget_type=\"text-editor.default\">\n\t\t\t\t<div class=\"elementor-widget-container\">\n\t\t\t\t\t\t\t\t\t<p>Ces tests n\u2019ont pas pour objectif de \u00ab\u00a0retirer\u00a0\u00bb votre permis mais bien au contraire, la r\u00e9glementation pr\u00e9voit qu\u2019en cas d\u2019accident votre assurance peux vous demander de produire les r\u00e9sultats de ces tests fautes de quoi votre \u00e9tat pourrai \u00eatre jug\u00e9 incompatible avec la conduite et votre responsabilit\u00e9s engag\u00e9.<\/p><p>Notre objectif est de pouvoir vous permettre de r\u00e9aliser ces tests dans de bonne conditions, en dehors d\u2019un cadre hospitalier conventionnel. <\/p>\t\t\t\t\t\t\t\t<\/div>\n\t\t\t\t<\/div>\n\t\t\t\t<div class=\"elementor-element elementor-element-43f77df elementor-align-justify elementor-tablet-align-right elementor-mobile-align-left elementor-widget-tablet__width-initial elementor-widget-mobile__width-inherit elementor-widget elementor-widget-button\" data-id=\"43f77df\" data-element_type=\"widget\" data-e-type=\"widget\" data-widget_type=\"button.default\">\n\t\t\t\t<div class=\"elementor-widget-container\">\n\t\t\t\t\t\t\t\t\t<div class=\"elementor-button-wrapper\">\n\t\t\t\t\t<a class=\"elementor-button elementor-button-link elementor-size-sm elementor-animation-float\" href=\"https:\/\/www.doctolib.fr\/medecin-generaliste\/lyon\/jonathan-benchetrit\">\n\t\t\t\t\t\t<span class=\"elementor-button-content-wrapper\">\n\t\t\t\t\t\t\t\t\t<span class=\"elementor-button-text\">Prendre rendez-vous sur Doctolib<\/span>\n\t\t\t\t\t<\/span>\n\t\t\t\t\t<\/a>\n\t\t\t\t<\/div>\n\t\t\t\t\t\t\t\t<\/div>\n\t\t\t\t<\/div>\n\t\t\t\t\t<\/div>\n\t\t<\/div>\n\t\t\t\t\t<\/div>\n\t\t<\/section>\n\t\t\t\t\t<\/div>\n\t\t<\/div>\n\t\t\t\t\t<\/div>\n\t\t<\/section>\n\t\t\t\t<section class=\"elementor-section elementor-top-section elementor-element elementor-element-7451491 elementor-section-full_width elementor-section-height-default elementor-section-height-default\" data-id=\"7451491\" data-element_type=\"section\" data-e-type=\"section\">\n\t\t\t\t\t\t<div class=\"elementor-container elementor-column-gap-no\">\n\t\t\t\t\t<div class=\"elementor-column elementor-col-100 elementor-top-column elementor-element elementor-element-6fe6149d\" data-id=\"6fe6149d\" data-element_type=\"column\" data-e-type=\"column\">\n\t\t\t<div class=\"elementor-widget-wrap elementor-element-populated\">\n\t\t\t\t\t\t<div class=\"elementor-element elementor-element-79ed4070 elementor-widget elementor-widget-heading\" data-id=\"79ed4070\" data-element_type=\"widget\" data-e-type=\"widget\" data-widget_type=\"heading.default\">\n\t\t\t\t<div class=\"elementor-widget-container\">\n\t\t\t\t\t<h2 class=\"elementor-heading-title elementor-size-default\">Pour rappel les tests de maintien d'\u00e9veil sont \u00e0 r\u00e9aliser tout les 3 ans  pour les groupe l\u00e9ger (permis A ou B) et tout les ans pour les groupe lourd (poids lourds, taxi, ambulance, car, train, pilote de ligne sauf indication contraire de la DGAC).<\/h2>\t\t\t\t<\/div>\n\t\t\t\t<\/div>\n\t\t\t\t<div class=\"elementor-element elementor-element-df893e5 elementor-align-center elementor-widget elementor-widget-button\" data-id=\"df893e5\" data-element_type=\"widget\" data-e-type=\"widget\" data-widget_type=\"button.default\">\n\t\t\t\t<div class=\"elementor-widget-container\">\n\t\t\t\t\t\t\t\t\t<div class=\"elementor-button-wrapper\">\n\t\t\t\t\t<a class=\"elementor-button elementor-button-link elementor-size-sm\" href=\"https:\/\/somnyze.com\/wp-content\/uploads\/2023\/07\/consignes-TME-V2.pdf\">\n\t\t\t\t\t\t<span class=\"elementor-button-content-wrapper\">\n\t\t\t\t\t\t\t\t\t<span class=\"elementor-button-text\">Plus d'information sur les tests de maintien d'\u00e9veils<\/span>\n\t\t\t\t\t<\/span>\n\t\t\t\t\t<\/a>\n\t\t\t\t<\/div>\n\t\t\t\t\t\t\t\t<\/div>\n\t\t\t\t<\/div>\n\t\t\t\t\t<\/div>\n\t\t<\/div>\n\t\t\t\t\t<\/div>\n\t\t<\/section>\n\t\t\t\t<\/div>\n\t\t","protected":false},"excerpt":{"rendered":"<p>Test de maintien d\u2019\u00e9veil (TME) https:\/\/somnyze.com\/wp-content\/uploads\/2023\/06\/TME-720.mp4 la s\u00e9curit\u00e9 pour nos patients les tests de maintien d&rsquo;\u00e9veil permettent d\u2019\u00e9valuer la vigilance et la capacit\u00e9 du patient \u00e0 se maintenir \u00e9veill\u00e9s dans une situation qui n\u2019y est pas propice. Ces tests sont devenus obligatoire depuis la reforme du 28 mars 2022 mise en application au 02 avril [&hellip;]<\/p>\n","protected":false},"author":1,"featured_media":0,"parent":0,"menu_order":0,"comment_status":"closed","ping_status":"closed","template":"elementor_header_footer","meta":{"footnotes":""},"class_list":["post-11804","page","type-page","status-publish","hentry"],"yoast_head":"<!-- This site is optimized with the Yoast SEO plugin v27.4 - https:\/\/yoast.com\/product\/yoast-seo-wordpress\/ -->\n<title>Test de maintien d\u2019\u00e9veil (TME) - SOMNYZE<\/title>\n<meta name=\"description\" content=\"Le Test de maintien d&#039;\u00e9veil est une \u00e9valuation m\u00e9dicale pour d\u00e9tecter les troubles de somnolence excessive. Somnyze, sp\u00e9cialiste de la m\u00e9dec\u2026\" \/>\n<meta name=\"robots\" content=\"index, follow, max-snippet:-1, max-image-preview:large, max-video-preview:-1\" \/>\n<link rel=\"canonical\" href=\"https:\/\/somnyze.com\/index.php\/test-de-maintien-deveil-tme\/\" \/>\n<meta property=\"og:locale\" content=\"fr_FR\" \/>\n<meta property=\"og:type\" content=\"article\" \/>\n<meta property=\"og:title\" content=\"Test de maintien d\u2019\u00e9veil (TME) - SOMNYZE\" \/>\n<meta property=\"og:description\" content=\"Le Test de maintien d&#039;\u00e9veil est une \u00e9valuation m\u00e9dicale pour d\u00e9tecter les troubles de somnolence excessive. Somnyze, sp\u00e9cialiste de la m\u00e9dec\u2026\" \/>\n<meta property=\"og:url\" content=\"https:\/\/somnyze.com\/index.php\/test-de-maintien-deveil-tme\/\" \/>\n<meta property=\"og:site_name\" content=\"SOMNYZE\" \/>\n<meta property=\"article:modified_time\" content=\"2023-07-05T14:21:34+00:00\" \/>\n<meta property=\"og:image\" content=\"https:\/\/somnyze.com\/wp-content\/uploads\/2023\/04\/P1054774-scaled-e1686556796137.webp\" \/>\n<meta name=\"twitter:card\" content=\"summary_large_image\" \/>\n<meta name=\"twitter:label1\" content=\"Dur\u00e9e de lecture estim\u00e9e\" \/>\n\t<meta name=\"twitter:data1\" content=\"2 minutes\" \/>\n<script type=\"application\/ld+json\" class=\"yoast-schema-graph\">{\"@context\":\"https:\\\/\\\/schema.org\",\"@graph\":[{\"@type\":\"WebPage\",\"@id\":\"https:\\\/\\\/somnyze.com\\\/index.php\\\/test-de-maintien-deveil-tme\\\/\",\"url\":\"https:\\\/\\\/somnyze.com\\\/index.php\\\/test-de-maintien-deveil-tme\\\/\",\"name\":\"Test de maintien d\u2019\u00e9veil (TME) - SOMNYZE\",\"isPartOf\":{\"@id\":\"https:\\\/\\\/somnyze.com\\\/#website\"},\"primaryImageOfPage\":{\"@id\":\"https:\\\/\\\/somnyze.com\\\/index.php\\\/test-de-maintien-deveil-tme\\\/#primaryimage\"},\"image\":{\"@id\":\"https:\\\/\\\/somnyze.com\\\/index.php\\\/test-de-maintien-deveil-tme\\\/#primaryimage\"},\"thumbnailUrl\":\"https:\\\/\\\/somnyze.com\\\/wp-content\\\/uploads\\\/2023\\\/04\\\/P1054774-scaled-e1686556796137.webp\",\"datePublished\":\"2023-04-18T15:25:51+00:00\",\"dateModified\":\"2023-07-05T14:21:34+00:00\",\"description\":\"Le Test de maintien d'\u00e9veil est une \u00e9valuation m\u00e9dicale pour d\u00e9tecter les troubles de somnolence excessive. Somnyze, sp\u00e9cialiste de la m\u00e9dec\u2026\",\"breadcrumb\":{\"@id\":\"https:\\\/\\\/somnyze.com\\\/index.php\\\/test-de-maintien-deveil-tme\\\/#breadcrumb\"},\"inLanguage\":\"fr-FR\",\"potentialAction\":[{\"@type\":\"ReadAction\",\"target\":[\"https:\\\/\\\/somnyze.com\\\/index.php\\\/test-de-maintien-deveil-tme\\\/\"]}]},{\"@type\":\"ImageObject\",\"inLanguage\":\"fr-FR\",\"@id\":\"https:\\\/\\\/somnyze.com\\\/index.php\\\/test-de-maintien-deveil-tme\\\/#primaryimage\",\"url\":\"https:\\\/\\\/somnyze.com\\\/wp-content\\\/uploads\\\/2023\\\/04\\\/P1054774-scaled-e1686556796137.webp\",\"contentUrl\":\"https:\\\/\\\/somnyze.com\\\/wp-content\\\/uploads\\\/2023\\\/04\\\/P1054774-scaled-e1686556796137.webp\",\"width\":1707,\"height\":1632,\"caption\":\"Une patiente effectue des tests de maintien d'\u00e9veil pour \u00e9valuer son sommeil lors d'un examen m\u00e9dical du sommeil.\"},{\"@type\":\"BreadcrumbList\",\"@id\":\"https:\\\/\\\/somnyze.com\\\/index.php\\\/test-de-maintien-deveil-tme\\\/#breadcrumb\",\"itemListElement\":[{\"@type\":\"ListItem\",\"position\":1,\"name\":\"Accueil\",\"item\":\"https:\\\/\\\/somnyze.com\\\/\"},{\"@type\":\"ListItem\",\"position\":2,\"name\":\"Test de maintien d\u2019\u00e9veil (TME)\"}]},{\"@type\":\"WebSite\",\"@id\":\"https:\\\/\\\/somnyze.com\\\/#website\",\"url\":\"https:\\\/\\\/somnyze.com\\\/\",\"name\":\"SOMNYZE\",\"description\":\"centre de diagnostic et de traitement des troubles du sommeil\",\"publisher\":{\"@id\":\"https:\\\/\\\/somnyze.com\\\/#organization\"},\"potentialAction\":[{\"@type\":\"SearchAction\",\"target\":{\"@type\":\"EntryPoint\",\"urlTemplate\":\"https:\\\/\\\/somnyze.com\\\/?s={search_term_string}\"},\"query-input\":{\"@type\":\"PropertyValueSpecification\",\"valueRequired\":true,\"valueName\":\"search_term_string\"}}],\"inLanguage\":\"fr-FR\"},{\"@type\":\"Organization\",\"@id\":\"https:\\\/\\\/somnyze.com\\\/#organization\",\"name\":\"SOMNYZE\",\"url\":\"https:\\\/\\\/somnyze.com\\\/\",\"logo\":{\"@type\":\"ImageObject\",\"inLanguage\":\"fr-FR\",\"@id\":\"https:\\\/\\\/somnyze.com\\\/#\\\/schema\\\/logo\\\/image\\\/\",\"url\":\"https:\\\/\\\/somnyze.com\\\/wp-content\\\/uploads\\\/2023\\\/05\\\/Plan-de-travail-1-copie-3SOMNYZE.svg\",\"contentUrl\":\"https:\\\/\\\/somnyze.com\\\/wp-content\\\/uploads\\\/2023\\\/05\\\/Plan-de-travail-1-copie-3SOMNYZE.svg\",\"width\":543,\"height\":180,\"caption\":\"SOMNYZE\"},\"image\":{\"@id\":\"https:\\\/\\\/somnyze.com\\\/#\\\/schema\\\/logo\\\/image\\\/\"}}]}<\/script>\n<!-- \/ Yoast SEO plugin. -->","yoast_head_json":{"title":"Test de maintien d\u2019\u00e9veil (TME) - SOMNYZE","description":"Le Test de maintien d'\u00e9veil est une \u00e9valuation m\u00e9dicale pour d\u00e9tecter les troubles de somnolence excessive. Somnyze, sp\u00e9cialiste de la m\u00e9dec\u2026","robots":{"index":"index","follow":"follow","max-snippet":"max-snippet:-1","max-image-preview":"max-image-preview:large","max-video-preview":"max-video-preview:-1"},"canonical":"https:\/\/somnyze.com\/index.php\/test-de-maintien-deveil-tme\/","og_locale":"fr_FR","og_type":"article","og_title":"Test de maintien d\u2019\u00e9veil (TME) - SOMNYZE","og_description":"Le Test de maintien d'\u00e9veil est une \u00e9valuation m\u00e9dicale pour d\u00e9tecter les troubles de somnolence excessive. Somnyze, sp\u00e9cialiste de la m\u00e9dec\u2026","og_url":"https:\/\/somnyze.com\/index.php\/test-de-maintien-deveil-tme\/","og_site_name":"SOMNYZE","article_modified_time":"2023-07-05T14:21:34+00:00","og_image":[{"url":"https:\/\/somnyze.com\/wp-content\/uploads\/2023\/04\/P1054774-scaled-e1686556796137.webp","type":"","width":"","height":""}],"twitter_card":"summary_large_image","twitter_misc":{"Dur\u00e9e de lecture estim\u00e9e":"2 minutes"},"schema":{"@context":"https:\/\/schema.org","@graph":[{"@type":"WebPage","@id":"https:\/\/somnyze.com\/index.php\/test-de-maintien-deveil-tme\/","url":"https:\/\/somnyze.com\/index.php\/test-de-maintien-deveil-tme\/","name":"Test de maintien d\u2019\u00e9veil (TME) - SOMNYZE","isPartOf":{"@id":"https:\/\/somnyze.com\/#website"},"primaryImageOfPage":{"@id":"https:\/\/somnyze.com\/index.php\/test-de-maintien-deveil-tme\/#primaryimage"},"image":{"@id":"https:\/\/somnyze.com\/index.php\/test-de-maintien-deveil-tme\/#primaryimage"},"thumbnailUrl":"https:\/\/somnyze.com\/wp-content\/uploads\/2023\/04\/P1054774-scaled-e1686556796137.webp","datePublished":"2023-04-18T15:25:51+00:00","dateModified":"2023-07-05T14:21:34+00:00","description":"Le Test de maintien d'\u00e9veil est une \u00e9valuation m\u00e9dicale pour d\u00e9tecter les troubles de somnolence excessive. Somnyze, sp\u00e9cialiste de la m\u00e9dec\u2026","breadcrumb":{"@id":"https:\/\/somnyze.com\/index.php\/test-de-maintien-deveil-tme\/#breadcrumb"},"inLanguage":"fr-FR","potentialAction":[{"@type":"ReadAction","target":["https:\/\/somnyze.com\/index.php\/test-de-maintien-deveil-tme\/"]}]},{"@type":"ImageObject","inLanguage":"fr-FR","@id":"https:\/\/somnyze.com\/index.php\/test-de-maintien-deveil-tme\/#primaryimage","url":"https:\/\/somnyze.com\/wp-content\/uploads\/2023\/04\/P1054774-scaled-e1686556796137.webp","contentUrl":"https:\/\/somnyze.com\/wp-content\/uploads\/2023\/04\/P1054774-scaled-e1686556796137.webp","width":1707,"height":1632,"caption":"Une patiente effectue des tests de maintien d'\u00e9veil pour \u00e9valuer son sommeil lors d'un examen m\u00e9dical du sommeil."},{"@type":"BreadcrumbList","@id":"https:\/\/somnyze.com\/index.php\/test-de-maintien-deveil-tme\/#breadcrumb","itemListElement":[{"@type":"ListItem","position":1,"name":"Accueil","item":"https:\/\/somnyze.com\/"},{"@type":"ListItem","position":2,"name":"Test de maintien d\u2019\u00e9veil (TME)"}]},{"@type":"WebSite","@id":"https:\/\/somnyze.com\/#website","url":"https:\/\/somnyze.com\/","name":"SOMNYZE","description":"centre de diagnostic et de traitement des troubles du sommeil","publisher":{"@id":"https:\/\/somnyze.com\/#organization"},"potentialAction":[{"@type":"SearchAction","target":{"@type":"EntryPoint","urlTemplate":"https:\/\/somnyze.com\/?s={search_term_string}"},"query-input":{"@type":"PropertyValueSpecification","valueRequired":true,"valueName":"search_term_string"}}],"inLanguage":"fr-FR"},{"@type":"Organization","@id":"https:\/\/somnyze.com\/#organization","name":"SOMNYZE","url":"https:\/\/somnyze.com\/","logo":{"@type":"ImageObject","inLanguage":"fr-FR","@id":"https:\/\/somnyze.com\/#\/schema\/logo\/image\/","url":"https:\/\/somnyze.com\/wp-content\/uploads\/2023\/05\/Plan-de-travail-1-copie-3SOMNYZE.svg","contentUrl":"https:\/\/somnyze.com\/wp-content\/uploads\/2023\/05\/Plan-de-travail-1-copie-3SOMNYZE.svg","width":543,"height":180,"caption":"SOMNYZE"},"image":{"@id":"https:\/\/somnyze.com\/#\/schema\/logo\/image\/"}}]}},"_links":{"self":[{"href":"https:\/\/somnyze.com\/index.php\/wp-json\/wp\/v2\/pages\/11804","targetHints":{"allow":["GET"]}}],"collection":[{"href":"https:\/\/somnyze.com\/index.php\/wp-json\/wp\/v2\/pages"}],"about":[{"href":"https:\/\/somnyze.com\/index.php\/wp-json\/wp\/v2\/types\/page"}],"author":[{"embeddable":true,"href":"https:\/\/somnyze.com\/index.php\/wp-json\/wp\/v2\/users\/1"}],"replies":[{"embeddable":true,"href":"https:\/\/somnyze.com\/index.php\/wp-json\/wp\/v2\/comments?post=11804"}],"version-history":[{"count":36,"href":"https:\/\/somnyze.com\/index.php\/wp-json\/wp\/v2\/pages\/11804\/revisions"}],"predecessor-version":[{"id":12279,"href":"https:\/\/somnyze.com\/index.php\/wp-json\/wp\/v2\/pages\/11804\/revisions\/12279"}],"wp:attachment":[{"href":"https:\/\/somnyze.com\/index.php\/wp-json\/wp\/v2\/media?parent=11804"}],"curies":[{"name":"wp","href":"https:\/\/api.w.org\/{rel}","templated":true}]}}