{"id":11800,"date":"2023-04-18T17:24:50","date_gmt":"2023-04-18T15:24:50","guid":{"rendered":"https:\/\/somnyze.com\/?page_id=11800"},"modified":"2023-06-21T16:44:27","modified_gmt":"2023-06-21T14:44:27","slug":"polygraphie-ventilatoires-nocturne","status":"publish","type":"page","link":"https:\/\/somnyze.com\/index.php\/polygraphie-ventilatoires-nocturne\/","title":{"rendered":"Polygraphie ventilatoires nocturne"},"content":{"rendered":"\t\t<div data-elementor-type=\"wp-page\" data-elementor-id=\"11800\" class=\"elementor elementor-11800\" data-elementor-post-type=\"page\">\n\t\t\t\t\t\t<section class=\"elementor-section elementor-top-section elementor-element elementor-element-21a0693b elementor-section-height-min-height elementor-section-full_width elementor-section-content-top elementor-section-items-stretch elementor-section-height-default\" data-id=\"21a0693b\" data-element_type=\"section\" data-e-type=\"section\" data-settings=\"{&quot;background_background&quot;:&quot;classic&quot;}\">\n\t\t\t\t\t\t<div class=\"elementor-container elementor-column-gap-no\">\n\t\t\t\t\t<div class=\"elementor-column elementor-col-100 elementor-top-column elementor-element elementor-element-4ea59a51\" data-id=\"4ea59a51\" data-element_type=\"column\" data-e-type=\"column\">\n\t\t\t<div class=\"elementor-widget-wrap elementor-element-populated\">\n\t\t\t\t\t\t<div class=\"elementor-element elementor-element-7c4d041 elementor-widget elementor-widget-spacer\" data-id=\"7c4d041\" data-element_type=\"widget\" data-e-type=\"widget\" data-widget_type=\"spacer.default\">\n\t\t\t\t<div class=\"elementor-widget-container\">\n\t\t\t\t\t\t\t<div class=\"elementor-spacer\">\n\t\t\t<div class=\"elementor-spacer-inner\"><\/div>\n\t\t<\/div>\n\t\t\t\t\t\t<\/div>\n\t\t\t\t<\/div>\n\t\t\t\t<div class=\"elementor-element elementor-element-41b179ce elementor-invisible elementor-widget elementor-widget-heading\" data-id=\"41b179ce\" data-element_type=\"widget\" data-e-type=\"widget\" data-settings=\"{&quot;_animation&quot;:&quot;fadeInUp&quot;}\" data-widget_type=\"heading.default\">\n\t\t\t\t<div class=\"elementor-widget-container\">\n\t\t\t\t\t<h1 class=\"elementor-heading-title elementor-size-default\">Polygraphie ventilatoires nocturne <\/h1>\t\t\t\t<\/div>\n\t\t\t\t<\/div>\n\t\t\t\t\t<\/div>\n\t\t<\/div>\n\t\t\t\t\t<\/div>\n\t\t<\/section>\n\t\t\t\t<section class=\"elementor-section elementor-top-section elementor-element elementor-element-71c083c9 elementor-section-full_width elementor-section-height-default elementor-section-height-default\" data-id=\"71c083c9\" data-element_type=\"section\" data-e-type=\"section\">\n\t\t\t\t\t\t<div class=\"elementor-container elementor-column-gap-no\">\n\t\t\t\t\t<div class=\"elementor-column elementor-col-50 elementor-top-column elementor-element elementor-element-3f5dabca\" data-id=\"3f5dabca\" data-element_type=\"column\" data-e-type=\"column\" data-settings=\"{&quot;background_background&quot;:&quot;gradient&quot;}\">\n\t\t\t<div class=\"elementor-widget-wrap elementor-element-populated\">\n\t\t\t\t\t\t<div class=\"elementor-element elementor-element-12903bf7 elementor-widget elementor-widget-image\" data-id=\"12903bf7\" data-element_type=\"widget\" data-e-type=\"widget\" data-widget_type=\"image.default\">\n\t\t\t\t<div class=\"elementor-widget-container\">\n\t\t\t\t\t\t\t\t\t\t\t\t\t\t\t<img fetchpriority=\"high\" decoding=\"async\" width=\"683\" height=\"1024\" src=\"https:\/\/somnyze.com\/wp-content\/uploads\/2023\/04\/P1054696-683x1024.webp\" class=\"attachment-large size-large wp-image-11863\" alt=\"Photo d&#039;une patiente avec des \u00e9lectrodes et un masque nasal, en train de recevoir une polygraphie ventilatoire pour le diagnostic de l&#039;apn\u00e9e du sommeil.\" srcset=\"https:\/\/somnyze.com\/wp-content\/uploads\/2023\/04\/P1054696-683x1024.webp 683w, https:\/\/somnyze.com\/wp-content\/uploads\/2023\/04\/P1054696-200x300.webp 200w, https:\/\/somnyze.com\/wp-content\/uploads\/2023\/04\/P1054696-768x1152.webp 768w, https:\/\/somnyze.com\/wp-content\/uploads\/2023\/04\/P1054696-1024x1536.webp 1024w, https:\/\/somnyze.com\/wp-content\/uploads\/2023\/04\/P1054696-1365x2048.webp 1365w, https:\/\/somnyze.com\/wp-content\/uploads\/2023\/04\/P1054696-scaled.webp 1707w\" sizes=\"(max-width: 683px) 100vw, 683px\" \/>\t\t\t\t\t\t\t\t\t\t\t\t\t\t\t<\/div>\n\t\t\t\t<\/div>\n\t\t\t\t\t<\/div>\n\t\t<\/div>\n\t\t\t\t<div class=\"elementor-column elementor-col-50 elementor-top-column elementor-element elementor-element-1c795ff7\" data-id=\"1c795ff7\" data-element_type=\"column\" data-e-type=\"column\" data-settings=\"{&quot;background_background&quot;:&quot;classic&quot;}\">\n\t\t\t<div class=\"elementor-widget-wrap elementor-element-populated\">\n\t\t\t\t\t\t<div class=\"elementor-element elementor-element-7b811fd2 elementor-invisible elementor-widget elementor-widget-heading\" data-id=\"7b811fd2\" data-element_type=\"widget\" data-e-type=\"widget\" data-settings=\"{&quot;_animation&quot;:&quot;fadeInUp&quot;}\" data-widget_type=\"heading.default\">\n\t\t\t\t<div class=\"elementor-widget-container\">\n\t\t\t\t\t<h2 class=\"elementor-heading-title elementor-size-default\">La polygraphie<\/h2>\t\t\t\t<\/div>\n\t\t\t\t<\/div>\n\t\t\t\t<div class=\"elementor-element elementor-element-dd73571 elementor-widget elementor-widget-video\" data-id=\"dd73571\" data-element_type=\"widget\" data-e-type=\"widget\" data-settings=\"{&quot;video_type&quot;:&quot;hosted&quot;,&quot;controls&quot;:&quot;yes&quot;}\" data-widget_type=\"video.default\">\n\t\t\t\t<div class=\"elementor-widget-container\">\n\t\t\t\t\t\t\t<div class=\"e-hosted-video elementor-wrapper elementor-open-inline\">\n\t\t\t\t\t<video class=\"elementor-video\" src=\"https:\/\/somnyze.com\/wp-content\/uploads\/2023\/06\/Polygraphie_1080.mp4\" controls=\"\" preload=\"metadata\" controlsList=\"nodownload\"><\/video>\n\t\t\t\t<\/div>\n\t\t\t\t\t\t<\/div>\n\t\t\t\t<\/div>\n\t\t\t\t<div class=\"elementor-element elementor-element-30515dae elementor-widget elementor-widget-text-editor\" data-id=\"30515dae\" data-element_type=\"widget\" data-e-type=\"widget\" data-widget_type=\"text-editor.default\">\n\t\t\t\t<div class=\"elementor-widget-container\">\n\t\t\t\t\t\t\t\t\t<p>La polygraphie Ventilatoire Nocturne est un enregistrement des param\u00e8tres respiratoires nocturne qui permet dans un certain nombre de cas de faire le diagnostique de troubles respiratoire du sommeil dont l\u2019apn\u00e9e obstructive du sommeil (SAHOS) cet examen se r\u00e9alise \u00e0 domicile et n\u00e9cessite lors de l\u2019installation de venir avec un T-shirt avec lequel vous dormirez une fois chez vous et l\u2019absence de vernis ou faux ongle sur l\u2019index de la main gauche.<\/p><p>Il peut cependant s\u2019av\u00e9rer insuffisant dans certain cas et n\u00e9cessiter une <a href=\"https:\/\/somnyze.com\/index.php\/polysomnographie\/\">polysomnographie<\/a>.<\/p>\t\t\t\t\t\t\t\t<\/div>\n\t\t\t\t<\/div>\n\t\t\t\t<div class=\"elementor-element elementor-element-dccc4be elementor-invisible elementor-widget elementor-widget-heading\" data-id=\"dccc4be\" data-element_type=\"widget\" data-e-type=\"widget\" data-settings=\"{&quot;_animation&quot;:&quot;fadeInUp&quot;}\" data-widget_type=\"heading.default\">\n\t\t\t\t<div class=\"elementor-widget-container\">\n\t\t\t\t\t<h3 class=\"elementor-heading-title elementor-size-default\">Bilan avant Chirurgie Bariatrique<\/h3>\t\t\t\t<\/div>\n\t\t\t\t<\/div>\n\t\t\t\t<div class=\"elementor-element elementor-element-077a91a elementor-widget elementor-widget-video\" data-id=\"077a91a\" data-element_type=\"widget\" data-e-type=\"widget\" data-settings=\"{&quot;video_type&quot;:&quot;hosted&quot;,&quot;controls&quot;:&quot;yes&quot;}\" data-widget_type=\"video.default\">\n\t\t\t\t<div class=\"elementor-widget-container\">\n\t\t\t\t\t\t\t<div class=\"e-hosted-video elementor-wrapper elementor-open-inline\">\n\t\t\t\t\t<video class=\"elementor-video\" src=\"https:\/\/somnyze.com\/wp-content\/uploads\/2023\/06\/Chirurgie-bariatrique_1080.mp4\" controls=\"\" preload=\"metadata\" controlsList=\"nodownload\"><\/video>\n\t\t\t\t<\/div>\n\t\t\t\t\t\t<\/div>\n\t\t\t\t<\/div>\n\t\t\t\t\t<\/div>\n\t\t<\/div>\n\t\t\t\t\t<\/div>\n\t\t<\/section>\n\t\t\t\t<\/div>\n\t\t","protected":false},"excerpt":{"rendered":"<p>Polygraphie ventilatoires nocturne La polygraphie https:\/\/somnyze.com\/wp-content\/uploads\/2023\/06\/Polygraphie_1080.mp4 La polygraphie Ventilatoire Nocturne est un enregistrement des param\u00e8tres respiratoires nocturne qui permet dans un certain nombre de cas de faire le diagnostique de troubles respiratoire du sommeil dont l\u2019apn\u00e9e obstructive du sommeil (SAHOS) cet examen se r\u00e9alise \u00e0 domicile et n\u00e9cessite lors de l\u2019installation de venir avec un [&hellip;]<\/p>\n","protected":false},"author":1,"featured_media":0,"parent":0,"menu_order":0,"comment_status":"closed","ping_status":"closed","template":"elementor_header_footer","meta":{"footnotes":""},"class_list":["post-11800","page","type-page","status-publish","hentry"],"yoast_head":"<!-- This site is optimized with the Yoast SEO plugin v27.4 - https:\/\/yoast.com\/product\/yoast-seo-wordpress\/ -->\n<title>Polygraphie ventilatoires nocturne - SOMNYZE<\/title>\n<meta name=\"description\" content=\"La Polygraphie ventilatoires nocturne,Examen de r\u00e9f\u00e9rence dans la recherche des troubles du sommeil. Examen \u00e0 faire dans votre centre SOMNYZE\" \/>\n<meta name=\"robots\" content=\"index, follow, max-snippet:-1, max-image-preview:large, max-video-preview:-1\" \/>\n<link rel=\"canonical\" href=\"https:\/\/somnyze.com\/index.php\/polygraphie-ventilatoires-nocturne\/\" \/>\n<meta property=\"og:locale\" content=\"fr_FR\" \/>\n<meta property=\"og:type\" content=\"article\" \/>\n<meta property=\"og:title\" content=\"Polygraphie ventilatoires nocturne - SOMNYZE\" \/>\n<meta property=\"og:description\" content=\"La Polygraphie ventilatoires nocturne,Examen de r\u00e9f\u00e9rence dans la recherche des troubles du sommeil. Examen \u00e0 faire dans votre centre SOMNYZE\" \/>\n<meta property=\"og:url\" content=\"https:\/\/somnyze.com\/index.php\/polygraphie-ventilatoires-nocturne\/\" \/>\n<meta property=\"og:site_name\" content=\"SOMNYZE\" \/>\n<meta property=\"article:modified_time\" content=\"2023-06-21T14:44:27+00:00\" \/>\n<meta property=\"og:image\" content=\"https:\/\/somnyze.com\/wp-content\/uploads\/2023\/04\/P1054696-683x1024.webp\" \/>\n<meta name=\"twitter:card\" content=\"summary_large_image\" \/>\n<meta name=\"twitter:label1\" content=\"Dur\u00e9e de lecture estim\u00e9e\" \/>\n\t<meta name=\"twitter:data1\" content=\"1 minute\" \/>\n<script type=\"application\/ld+json\" class=\"yoast-schema-graph\">{\"@context\":\"https:\\\/\\\/schema.org\",\"@graph\":[{\"@type\":\"WebPage\",\"@id\":\"https:\\\/\\\/somnyze.com\\\/index.php\\\/polygraphie-ventilatoires-nocturne\\\/\",\"url\":\"https:\\\/\\\/somnyze.com\\\/index.php\\\/polygraphie-ventilatoires-nocturne\\\/\",\"name\":\"Polygraphie ventilatoires nocturne - SOMNYZE\",\"isPartOf\":{\"@id\":\"https:\\\/\\\/somnyze.com\\\/#website\"},\"primaryImageOfPage\":{\"@id\":\"https:\\\/\\\/somnyze.com\\\/index.php\\\/polygraphie-ventilatoires-nocturne\\\/#primaryimage\"},\"image\":{\"@id\":\"https:\\\/\\\/somnyze.com\\\/index.php\\\/polygraphie-ventilatoires-nocturne\\\/#primaryimage\"},\"thumbnailUrl\":\"https:\\\/\\\/somnyze.com\\\/wp-content\\\/uploads\\\/2023\\\/04\\\/P1054696-683x1024.webp\",\"datePublished\":\"2023-04-18T15:24:50+00:00\",\"dateModified\":\"2023-06-21T14:44:27+00:00\",\"description\":\"La Polygraphie ventilatoires nocturne,Examen de r\u00e9f\u00e9rence dans la recherche des troubles du sommeil. Examen \u00e0 faire dans votre centre SOMNYZE\",\"breadcrumb\":{\"@id\":\"https:\\\/\\\/somnyze.com\\\/index.php\\\/polygraphie-ventilatoires-nocturne\\\/#breadcrumb\"},\"inLanguage\":\"fr-FR\",\"potentialAction\":[{\"@type\":\"ReadAction\",\"target\":[\"https:\\\/\\\/somnyze.com\\\/index.php\\\/polygraphie-ventilatoires-nocturne\\\/\"]}]},{\"@type\":\"ImageObject\",\"inLanguage\":\"fr-FR\",\"@id\":\"https:\\\/\\\/somnyze.com\\\/index.php\\\/polygraphie-ventilatoires-nocturne\\\/#primaryimage\",\"url\":\"https:\\\/\\\/somnyze.com\\\/wp-content\\\/uploads\\\/2023\\\/04\\\/P1054696-683x1024.webp\",\"contentUrl\":\"https:\\\/\\\/somnyze.com\\\/wp-content\\\/uploads\\\/2023\\\/04\\\/P1054696-683x1024.webp\"},{\"@type\":\"BreadcrumbList\",\"@id\":\"https:\\\/\\\/somnyze.com\\\/index.php\\\/polygraphie-ventilatoires-nocturne\\\/#breadcrumb\",\"itemListElement\":[{\"@type\":\"ListItem\",\"position\":1,\"name\":\"Accueil\",\"item\":\"https:\\\/\\\/somnyze.com\\\/\"},{\"@type\":\"ListItem\",\"position\":2,\"name\":\"Polygraphie ventilatoires nocturne\"}]},{\"@type\":\"WebSite\",\"@id\":\"https:\\\/\\\/somnyze.com\\\/#website\",\"url\":\"https:\\\/\\\/somnyze.com\\\/\",\"name\":\"SOMNYZE\",\"description\":\"centre de diagnostic et de traitement des troubles du sommeil\",\"publisher\":{\"@id\":\"https:\\\/\\\/somnyze.com\\\/#organization\"},\"potentialAction\":[{\"@type\":\"SearchAction\",\"target\":{\"@type\":\"EntryPoint\",\"urlTemplate\":\"https:\\\/\\\/somnyze.com\\\/?s={search_term_string}\"},\"query-input\":{\"@type\":\"PropertyValueSpecification\",\"valueRequired\":true,\"valueName\":\"search_term_string\"}}],\"inLanguage\":\"fr-FR\"},{\"@type\":\"Organization\",\"@id\":\"https:\\\/\\\/somnyze.com\\\/#organization\",\"name\":\"SOMNYZE\",\"url\":\"https:\\\/\\\/somnyze.com\\\/\",\"logo\":{\"@type\":\"ImageObject\",\"inLanguage\":\"fr-FR\",\"@id\":\"https:\\\/\\\/somnyze.com\\\/#\\\/schema\\\/logo\\\/image\\\/\",\"url\":\"https:\\\/\\\/somnyze.com\\\/wp-content\\\/uploads\\\/2023\\\/05\\\/Plan-de-travail-1-copie-3SOMNYZE.svg\",\"contentUrl\":\"https:\\\/\\\/somnyze.com\\\/wp-content\\\/uploads\\\/2023\\\/05\\\/Plan-de-travail-1-copie-3SOMNYZE.svg\",\"width\":543,\"height\":180,\"caption\":\"SOMNYZE\"},\"image\":{\"@id\":\"https:\\\/\\\/somnyze.com\\\/#\\\/schema\\\/logo\\\/image\\\/\"}}]}<\/script>\n<!-- \/ Yoast SEO plugin. -->","yoast_head_json":{"title":"Polygraphie ventilatoires nocturne - SOMNYZE","description":"La Polygraphie ventilatoires nocturne,Examen de r\u00e9f\u00e9rence dans la recherche des troubles du sommeil. Examen \u00e0 faire dans votre centre SOMNYZE","robots":{"index":"index","follow":"follow","max-snippet":"max-snippet:-1","max-image-preview":"max-image-preview:large","max-video-preview":"max-video-preview:-1"},"canonical":"https:\/\/somnyze.com\/index.php\/polygraphie-ventilatoires-nocturne\/","og_locale":"fr_FR","og_type":"article","og_title":"Polygraphie ventilatoires nocturne - SOMNYZE","og_description":"La Polygraphie ventilatoires nocturne,Examen de r\u00e9f\u00e9rence dans la recherche des troubles du sommeil. Examen \u00e0 faire dans votre centre SOMNYZE","og_url":"https:\/\/somnyze.com\/index.php\/polygraphie-ventilatoires-nocturne\/","og_site_name":"SOMNYZE","article_modified_time":"2023-06-21T14:44:27+00:00","og_image":[{"url":"https:\/\/somnyze.com\/wp-content\/uploads\/2023\/04\/P1054696-683x1024.webp","type":"","width":"","height":""}],"twitter_card":"summary_large_image","twitter_misc":{"Dur\u00e9e de lecture estim\u00e9e":"1 minute"},"schema":{"@context":"https:\/\/schema.org","@graph":[{"@type":"WebPage","@id":"https:\/\/somnyze.com\/index.php\/polygraphie-ventilatoires-nocturne\/","url":"https:\/\/somnyze.com\/index.php\/polygraphie-ventilatoires-nocturne\/","name":"Polygraphie ventilatoires nocturne - SOMNYZE","isPartOf":{"@id":"https:\/\/somnyze.com\/#website"},"primaryImageOfPage":{"@id":"https:\/\/somnyze.com\/index.php\/polygraphie-ventilatoires-nocturne\/#primaryimage"},"image":{"@id":"https:\/\/somnyze.com\/index.php\/polygraphie-ventilatoires-nocturne\/#primaryimage"},"thumbnailUrl":"https:\/\/somnyze.com\/wp-content\/uploads\/2023\/04\/P1054696-683x1024.webp","datePublished":"2023-04-18T15:24:50+00:00","dateModified":"2023-06-21T14:44:27+00:00","description":"La Polygraphie ventilatoires nocturne,Examen de r\u00e9f\u00e9rence dans la recherche des troubles du sommeil. Examen \u00e0 faire dans votre centre SOMNYZE","breadcrumb":{"@id":"https:\/\/somnyze.com\/index.php\/polygraphie-ventilatoires-nocturne\/#breadcrumb"},"inLanguage":"fr-FR","potentialAction":[{"@type":"ReadAction","target":["https:\/\/somnyze.com\/index.php\/polygraphie-ventilatoires-nocturne\/"]}]},{"@type":"ImageObject","inLanguage":"fr-FR","@id":"https:\/\/somnyze.com\/index.php\/polygraphie-ventilatoires-nocturne\/#primaryimage","url":"https:\/\/somnyze.com\/wp-content\/uploads\/2023\/04\/P1054696-683x1024.webp","contentUrl":"https:\/\/somnyze.com\/wp-content\/uploads\/2023\/04\/P1054696-683x1024.webp"},{"@type":"BreadcrumbList","@id":"https:\/\/somnyze.com\/index.php\/polygraphie-ventilatoires-nocturne\/#breadcrumb","itemListElement":[{"@type":"ListItem","position":1,"name":"Accueil","item":"https:\/\/somnyze.com\/"},{"@type":"ListItem","position":2,"name":"Polygraphie ventilatoires nocturne"}]},{"@type":"WebSite","@id":"https:\/\/somnyze.com\/#website","url":"https:\/\/somnyze.com\/","name":"SOMNYZE","description":"centre de diagnostic et de traitement des troubles du sommeil","publisher":{"@id":"https:\/\/somnyze.com\/#organization"},"potentialAction":[{"@type":"SearchAction","target":{"@type":"EntryPoint","urlTemplate":"https:\/\/somnyze.com\/?s={search_term_string}"},"query-input":{"@type":"PropertyValueSpecification","valueRequired":true,"valueName":"search_term_string"}}],"inLanguage":"fr-FR"},{"@type":"Organization","@id":"https:\/\/somnyze.com\/#organization","name":"SOMNYZE","url":"https:\/\/somnyze.com\/","logo":{"@type":"ImageObject","inLanguage":"fr-FR","@id":"https:\/\/somnyze.com\/#\/schema\/logo\/image\/","url":"https:\/\/somnyze.com\/wp-content\/uploads\/2023\/05\/Plan-de-travail-1-copie-3SOMNYZE.svg","contentUrl":"https:\/\/somnyze.com\/wp-content\/uploads\/2023\/05\/Plan-de-travail-1-copie-3SOMNYZE.svg","width":543,"height":180,"caption":"SOMNYZE"},"image":{"@id":"https:\/\/somnyze.com\/#\/schema\/logo\/image\/"}}]}},"_links":{"self":[{"href":"https:\/\/somnyze.com\/index.php\/wp-json\/wp\/v2\/pages\/11800","targetHints":{"allow":["GET"]}}],"collection":[{"href":"https:\/\/somnyze.com\/index.php\/wp-json\/wp\/v2\/pages"}],"about":[{"href":"https:\/\/somnyze.com\/index.php\/wp-json\/wp\/v2\/types\/page"}],"author":[{"embeddable":true,"href":"https:\/\/somnyze.com\/index.php\/wp-json\/wp\/v2\/users\/1"}],"replies":[{"embeddable":true,"href":"https:\/\/somnyze.com\/index.php\/wp-json\/wp\/v2\/comments?post=11800"}],"version-history":[{"count":24,"href":"https:\/\/somnyze.com\/index.php\/wp-json\/wp\/v2\/pages\/11800\/revisions"}],"predecessor-version":[{"id":12252,"href":"https:\/\/somnyze.com\/index.php\/wp-json\/wp\/v2\/pages\/11800\/revisions\/12252"}],"wp:attachment":[{"href":"https:\/\/somnyze.com\/index.php\/wp-json\/wp\/v2\/media?parent=11800"}],"curies":[{"name":"wp","href":"https:\/\/api.w.org\/{rel}","templated":true}]}}