{"id":11572,"date":"2023-04-18T11:24:43","date_gmt":"2023-04-18T09:24:43","guid":{"rendered":"https:\/\/somnyze.com\/index.php\/contact\/"},"modified":"2026-03-23T10:39:44","modified_gmt":"2026-03-23T09:39:44","slug":"contact-somnyze","status":"publish","type":"page","link":"https:\/\/somnyze.com\/index.php\/contact-somnyze\/","title":{"rendered":"Contact"},"content":{"rendered":"\t\t<div data-elementor-type=\"wp-page\" data-elementor-id=\"11572\" class=\"elementor elementor-11572\" data-elementor-post-type=\"page\">\n\t\t\t\t\t\t<section class=\"elementor-section elementor-top-section elementor-element elementor-element-573e8221 elementor-section-height-min-height elementor-section-full_width elementor-section-content-top elementor-section-items-stretch elementor-section-height-default\" data-id=\"573e8221\" data-element_type=\"section\" data-e-type=\"section\" data-settings=\"{&quot;background_background&quot;:&quot;classic&quot;}\">\n\t\t\t\t\t\t<div class=\"elementor-container elementor-column-gap-no\">\n\t\t\t\t\t<div class=\"elementor-column elementor-col-100 elementor-top-column elementor-element elementor-element-815dc7a\" data-id=\"815dc7a\" data-element_type=\"column\" data-e-type=\"column\">\n\t\t\t<div class=\"elementor-widget-wrap elementor-element-populated\">\n\t\t\t\t\t\t<div class=\"elementor-element elementor-element-4a6169e elementor-widget elementor-widget-spacer\" data-id=\"4a6169e\" data-element_type=\"widget\" data-e-type=\"widget\" data-widget_type=\"spacer.default\">\n\t\t\t\t<div class=\"elementor-widget-container\">\n\t\t\t\t\t\t\t<div class=\"elementor-spacer\">\n\t\t\t<div class=\"elementor-spacer-inner\"><\/div>\n\t\t<\/div>\n\t\t\t\t\t\t<\/div>\n\t\t\t\t<\/div>\n\t\t\t\t<div class=\"elementor-element elementor-element-26cc2887 elementor-invisible elementor-widget elementor-widget-heading\" data-id=\"26cc2887\" data-element_type=\"widget\" data-e-type=\"widget\" data-settings=\"{&quot;_animation&quot;:&quot;fadeInUp&quot;}\" data-widget_type=\"heading.default\">\n\t\t\t\t<div class=\"elementor-widget-container\">\n\t\t\t\t\t<h1 class=\"elementor-heading-title elementor-size-default\">Contact Somnyze<\/h1>\t\t\t\t<\/div>\n\t\t\t\t<\/div>\n\t\t\t\t\t<\/div>\n\t\t<\/div>\n\t\t\t\t\t<\/div>\n\t\t<\/section>\n\t\t\t\t<section class=\"elementor-section elementor-top-section elementor-element elementor-element-10af0d0a elementor-section-full_width elementor-reverse-tablet elementor-reverse-mobile elementor-section-height-default elementor-section-height-default\" data-id=\"10af0d0a\" data-element_type=\"section\" data-e-type=\"section\">\n\t\t\t\t\t\t<div class=\"elementor-container elementor-column-gap-no\">\n\t\t\t\t\t<div class=\"elementor-column elementor-col-33 elementor-top-column elementor-element elementor-element-135e0e58\" data-id=\"135e0e58\" data-element_type=\"column\" data-e-type=\"column\" data-settings=\"{&quot;background_background&quot;:&quot;gradient&quot;}\">\n\t\t\t<div class=\"elementor-widget-wrap elementor-element-populated\">\n\t\t\t\t\t\t<section class=\"elementor-section elementor-inner-section elementor-element elementor-element-c31ec4c elementor-section-boxed elementor-section-height-default elementor-section-height-default\" data-id=\"c31ec4c\" data-element_type=\"section\" data-e-type=\"section\">\n\t\t\t\t\t\t<div class=\"elementor-container elementor-column-gap-default\">\n\t\t\t\t\t<div class=\"elementor-column elementor-col-100 elementor-inner-column elementor-element elementor-element-e887af8\" data-id=\"e887af8\" data-element_type=\"column\" data-e-type=\"column\">\n\t\t\t<div class=\"elementor-widget-wrap\">\n\t\t\t\t\t\t\t<\/div>\n\t\t<\/div>\n\t\t\t\t\t<\/div>\n\t\t<\/section>\n\t\t\t\t\t<\/div>\n\t\t<\/div>\n\t\t\t\t<div class=\"elementor-column elementor-col-33 elementor-top-column elementor-element elementor-element-16a9fa39\" data-id=\"16a9fa39\" data-element_type=\"column\" data-e-type=\"column\" data-settings=\"{&quot;background_background&quot;:&quot;classic&quot;}\">\n\t\t\t<div class=\"elementor-widget-wrap elementor-element-populated\">\n\t\t\t\t\t\t<div class=\"elementor-element elementor-element-3aca3add elementor-invisible elementor-widget elementor-widget-image\" data-id=\"3aca3add\" data-element_type=\"widget\" data-e-type=\"widget\" data-settings=\"{&quot;motion_fx_motion_fx_scrolling&quot;:&quot;yes&quot;,&quot;_animation&quot;:&quot;fadeInUp&quot;,&quot;motion_fx_devices&quot;:[&quot;desktop&quot;,&quot;tablet&quot;,&quot;mobile&quot;]}\" data-widget_type=\"image.default\">\n\t\t\t\t<div class=\"elementor-widget-container\">\n\t\t\t\t\t\t\t\t\t\t\t\t\t\t\t<img fetchpriority=\"high\" decoding=\"async\" width=\"4000\" height=\"4264\" src=\"https:\/\/somnyze.com\/wp-content\/uploads\/2023\/05\/Benchetrit.png\" class=\"attachment-full size-full wp-image-12128\" alt=\"Photo du Dr Benchetrit travaillant sur les dossiers de ses patients pour r\u00e9soudre leurs troubles du sommeil. Somnyze centre sp\u00e9cialiste des troubles du sommeil\" srcset=\"https:\/\/somnyze.com\/wp-content\/uploads\/2023\/05\/Benchetrit.png 4000w, https:\/\/somnyze.com\/wp-content\/uploads\/2023\/05\/Benchetrit-281x300.png 281w, https:\/\/somnyze.com\/wp-content\/uploads\/2023\/05\/Benchetrit-961x1024.png 961w, https:\/\/somnyze.com\/wp-content\/uploads\/2023\/05\/Benchetrit-768x819.png 768w, https:\/\/somnyze.com\/wp-content\/uploads\/2023\/05\/Benchetrit-1441x1536.png 1441w, https:\/\/somnyze.com\/wp-content\/uploads\/2023\/05\/Benchetrit-1921x2048.png 1921w\" sizes=\"(max-width: 4000px) 100vw, 4000px\" \/>\t\t\t\t\t\t\t\t\t\t\t\t\t\t\t<\/div>\n\t\t\t\t<\/div>\n\t\t\t\t\t<\/div>\n\t\t<\/div>\n\t\t\t\t<div class=\"elementor-column elementor-col-33 elementor-top-column elementor-element elementor-element-d080bcb\" data-id=\"d080bcb\" data-element_type=\"column\" data-e-type=\"column\" data-settings=\"{&quot;background_background&quot;:&quot;classic&quot;}\">\n\t\t\t<div class=\"elementor-widget-wrap elementor-element-populated\">\n\t\t\t\t\t\t<div class=\"elementor-element elementor-element-2716163 elementor-invisible elementor-widget elementor-widget-heading\" data-id=\"2716163\" data-element_type=\"widget\" data-e-type=\"widget\" data-settings=\"{&quot;_animation&quot;:&quot;fadeInUp&quot;}\" data-widget_type=\"heading.default\">\n\t\t\t\t<div class=\"elementor-widget-container\">\n\t\t\t\t\t<h3 class=\"elementor-heading-title elementor-size-default\"><a href=\"https:\/\/somnyze.com\/index.php\/equipe-somnyze\/\">Docteur Jonathan BENCHETRIT<\/a><\/h3>\t\t\t\t<\/div>\n\t\t\t\t<\/div>\n\t\t\t\t<div class=\"elementor-element elementor-element-0b8a29e elementor-widget elementor-widget-text-editor\" data-id=\"0b8a29e\" data-element_type=\"widget\" data-e-type=\"widget\" data-widget_type=\"text-editor.default\">\n\t\t\t\t<div class=\"elementor-widget-container\">\n\t\t\t\t\t\t\t\t\t<p>04.78.00.45.87<\/p>\t\t\t\t\t\t\t\t<\/div>\n\t\t\t\t<\/div>\n\t\t\t\t<div class=\"elementor-element elementor-element-0c3ed8a elementor-align-justify elementor-tablet-align-right elementor-mobile-align-left elementor-widget-tablet__width-initial elementor-widget-mobile__width-inherit elementor-widget elementor-widget-button\" data-id=\"0c3ed8a\" data-element_type=\"widget\" data-e-type=\"widget\" data-widget_type=\"button.default\">\n\t\t\t\t<div class=\"elementor-widget-container\">\n\t\t\t\t\t\t\t\t\t<div class=\"elementor-button-wrapper\">\n\t\t\t\t\t<a class=\"elementor-button elementor-button-link elementor-size-sm elementor-animation-float\" href=\"https:\/\/www.doctolib.fr\/medecin-generaliste\/lyon\/jonathan-benchetrit\">\n\t\t\t\t\t\t<span class=\"elementor-button-content-wrapper\">\n\t\t\t\t\t\t\t\t\t<span class=\"elementor-button-text\">Prendre rendez-vous sur Doctolib<\/span>\n\t\t\t\t\t<\/span>\n\t\t\t\t\t<\/a>\n\t\t\t\t<\/div>\n\t\t\t\t\t\t\t\t<\/div>\n\t\t\t\t<\/div>\n\t\t\t\t\t<\/div>\n\t\t<\/div>\n\t\t\t\t\t<\/div>\n\t\t<\/section>\n\t\t\t\t<section class=\"elementor-section elementor-top-section elementor-element elementor-element-97beca2 elementor-section-boxed elementor-section-height-default elementor-section-height-default\" data-id=\"97beca2\" data-element_type=\"section\" data-e-type=\"section\">\n\t\t\t\t\t\t<div class=\"elementor-container elementor-column-gap-default\">\n\t\t\t\t\t<div class=\"elementor-column elementor-col-100 elementor-top-column elementor-element elementor-element-9f45bbd\" data-id=\"9f45bbd\" data-element_type=\"column\" data-e-type=\"column\">\n\t\t\t<div class=\"elementor-widget-wrap\">\n\t\t\t\t\t\t\t<\/div>\n\t\t<\/div>\n\t\t\t\t\t<\/div>\n\t\t<\/section>\n\t\t\t\t<\/div>\n\t\t","protected":false},"excerpt":{"rendered":"<p>Contact Somnyze Docteur Jonathan BENCHETRIT 04.78.00.45.87 Prendre rendez-vous sur Doctolib<\/p>\n","protected":false},"author":1,"featured_media":0,"parent":0,"menu_order":0,"comment_status":"closed","ping_status":"closed","template":"elementor_header_footer","meta":{"footnotes":""},"class_list":["post-11572","page","type-page","status-publish","hentry"],"yoast_head":"<!-- This site is optimized with the Yoast SEO plugin v27.4 - https:\/\/yoast.com\/product\/yoast-seo-wordpress\/ -->\n<title>Contact - SOMNYZE<\/title>\n<meta name=\"description\" content=\"Contactez-nous pour toute question concernant les troubles du sommeil et la prise en charge adapt\u00e9e. SOMNYZE centre de m\u00e9decine du sommeil.\" \/>\n<meta name=\"robots\" content=\"index, follow, max-snippet:-1, max-image-preview:large, max-video-preview:-1\" \/>\n<link rel=\"canonical\" href=\"https:\/\/somnyze.com\/index.php\/contact-somnyze\/\" \/>\n<meta property=\"og:locale\" content=\"fr_FR\" \/>\n<meta property=\"og:type\" content=\"article\" \/>\n<meta property=\"og:title\" content=\"Contact - SOMNYZE\" \/>\n<meta property=\"og:description\" content=\"Contactez-nous pour toute question concernant les troubles du sommeil et la prise en charge adapt\u00e9e. SOMNYZE centre de m\u00e9decine du sommeil.\" \/>\n<meta property=\"og:url\" content=\"https:\/\/somnyze.com\/index.php\/contact-somnyze\/\" \/>\n<meta property=\"og:site_name\" content=\"SOMNYZE\" \/>\n<meta property=\"article:modified_time\" content=\"2026-03-23T09:39:44+00:00\" \/>\n<meta property=\"og:image\" content=\"https:\/\/somnyze.com\/wp-content\/uploads\/2023\/05\/Benchetrit-961x1024.png\" \/>\n\t<meta property=\"og:image:width\" content=\"961\" \/>\n\t<meta property=\"og:image:height\" content=\"1024\" \/>\n\t<meta property=\"og:image:type\" content=\"image\/png\" \/>\n<meta name=\"twitter:card\" content=\"summary_large_image\" \/>\n<meta name=\"twitter:label1\" content=\"Dur\u00e9e de lecture estim\u00e9e\" \/>\n\t<meta name=\"twitter:data1\" content=\"1 minute\" \/>\n<script type=\"application\/ld+json\" class=\"yoast-schema-graph\">{\"@context\":\"https:\\\/\\\/schema.org\",\"@graph\":[{\"@type\":\"WebPage\",\"@id\":\"https:\\\/\\\/somnyze.com\\\/index.php\\\/contact-somnyze\\\/\",\"url\":\"https:\\\/\\\/somnyze.com\\\/index.php\\\/contact-somnyze\\\/\",\"name\":\"Contact - SOMNYZE\",\"isPartOf\":{\"@id\":\"https:\\\/\\\/somnyze.com\\\/#website\"},\"primaryImageOfPage\":{\"@id\":\"https:\\\/\\\/somnyze.com\\\/index.php\\\/contact-somnyze\\\/#primaryimage\"},\"image\":{\"@id\":\"https:\\\/\\\/somnyze.com\\\/index.php\\\/contact-somnyze\\\/#primaryimage\"},\"thumbnailUrl\":\"https:\\\/\\\/somnyze.com\\\/wp-content\\\/uploads\\\/2023\\\/05\\\/Benchetrit.png\",\"datePublished\":\"2023-04-18T09:24:43+00:00\",\"dateModified\":\"2026-03-23T09:39:44+00:00\",\"description\":\"Contactez-nous pour toute question concernant les troubles du sommeil et la prise en charge adapt\u00e9e. SOMNYZE centre de m\u00e9decine du sommeil.\",\"breadcrumb\":{\"@id\":\"https:\\\/\\\/somnyze.com\\\/index.php\\\/contact-somnyze\\\/#breadcrumb\"},\"inLanguage\":\"fr-FR\",\"potentialAction\":[{\"@type\":\"ReadAction\",\"target\":[\"https:\\\/\\\/somnyze.com\\\/index.php\\\/contact-somnyze\\\/\"]}]},{\"@type\":\"ImageObject\",\"inLanguage\":\"fr-FR\",\"@id\":\"https:\\\/\\\/somnyze.com\\\/index.php\\\/contact-somnyze\\\/#primaryimage\",\"url\":\"https:\\\/\\\/somnyze.com\\\/wp-content\\\/uploads\\\/2023\\\/05\\\/Benchetrit.png\",\"contentUrl\":\"https:\\\/\\\/somnyze.com\\\/wp-content\\\/uploads\\\/2023\\\/05\\\/Benchetrit.png\",\"width\":4000,\"height\":4264,\"caption\":\"Le Dr Benchetrit, expert en m\u00e9decine du sommeil, met tout en \u0153uvre pour aider ses patients \u00e0 mieux dormir et am\u00e9liorer leur qualit\u00e9 de vie.\"},{\"@type\":\"BreadcrumbList\",\"@id\":\"https:\\\/\\\/somnyze.com\\\/index.php\\\/contact-somnyze\\\/#breadcrumb\",\"itemListElement\":[{\"@type\":\"ListItem\",\"position\":1,\"name\":\"Accueil\",\"item\":\"https:\\\/\\\/somnyze.com\\\/\"},{\"@type\":\"ListItem\",\"position\":2,\"name\":\"Contact\"}]},{\"@type\":\"WebSite\",\"@id\":\"https:\\\/\\\/somnyze.com\\\/#website\",\"url\":\"https:\\\/\\\/somnyze.com\\\/\",\"name\":\"SOMNYZE\",\"description\":\"centre de diagnostic et de traitement des troubles du sommeil\",\"publisher\":{\"@id\":\"https:\\\/\\\/somnyze.com\\\/#organization\"},\"potentialAction\":[{\"@type\":\"SearchAction\",\"target\":{\"@type\":\"EntryPoint\",\"urlTemplate\":\"https:\\\/\\\/somnyze.com\\\/?s={search_term_string}\"},\"query-input\":{\"@type\":\"PropertyValueSpecification\",\"valueRequired\":true,\"valueName\":\"search_term_string\"}}],\"inLanguage\":\"fr-FR\"},{\"@type\":\"Organization\",\"@id\":\"https:\\\/\\\/somnyze.com\\\/#organization\",\"name\":\"SOMNYZE\",\"url\":\"https:\\\/\\\/somnyze.com\\\/\",\"logo\":{\"@type\":\"ImageObject\",\"inLanguage\":\"fr-FR\",\"@id\":\"https:\\\/\\\/somnyze.com\\\/#\\\/schema\\\/logo\\\/image\\\/\",\"url\":\"https:\\\/\\\/somnyze.com\\\/wp-content\\\/uploads\\\/2023\\\/05\\\/Plan-de-travail-1-copie-3SOMNYZE.svg\",\"contentUrl\":\"https:\\\/\\\/somnyze.com\\\/wp-content\\\/uploads\\\/2023\\\/05\\\/Plan-de-travail-1-copie-3SOMNYZE.svg\",\"width\":543,\"height\":180,\"caption\":\"SOMNYZE\"},\"image\":{\"@id\":\"https:\\\/\\\/somnyze.com\\\/#\\\/schema\\\/logo\\\/image\\\/\"}}]}<\/script>\n<!-- \/ Yoast SEO plugin. -->","yoast_head_json":{"title":"Contact - SOMNYZE","description":"Contactez-nous pour toute question concernant les troubles du sommeil et la prise en charge adapt\u00e9e. SOMNYZE centre de m\u00e9decine du sommeil.","robots":{"index":"index","follow":"follow","max-snippet":"max-snippet:-1","max-image-preview":"max-image-preview:large","max-video-preview":"max-video-preview:-1"},"canonical":"https:\/\/somnyze.com\/index.php\/contact-somnyze\/","og_locale":"fr_FR","og_type":"article","og_title":"Contact - SOMNYZE","og_description":"Contactez-nous pour toute question concernant les troubles du sommeil et la prise en charge adapt\u00e9e. SOMNYZE centre de m\u00e9decine du sommeil.","og_url":"https:\/\/somnyze.com\/index.php\/contact-somnyze\/","og_site_name":"SOMNYZE","article_modified_time":"2026-03-23T09:39:44+00:00","og_image":[{"width":961,"height":1024,"url":"https:\/\/somnyze.com\/wp-content\/uploads\/2023\/05\/Benchetrit-961x1024.png","type":"image\/png"}],"twitter_card":"summary_large_image","twitter_misc":{"Dur\u00e9e de lecture estim\u00e9e":"1 minute"},"schema":{"@context":"https:\/\/schema.org","@graph":[{"@type":"WebPage","@id":"https:\/\/somnyze.com\/index.php\/contact-somnyze\/","url":"https:\/\/somnyze.com\/index.php\/contact-somnyze\/","name":"Contact - SOMNYZE","isPartOf":{"@id":"https:\/\/somnyze.com\/#website"},"primaryImageOfPage":{"@id":"https:\/\/somnyze.com\/index.php\/contact-somnyze\/#primaryimage"},"image":{"@id":"https:\/\/somnyze.com\/index.php\/contact-somnyze\/#primaryimage"},"thumbnailUrl":"https:\/\/somnyze.com\/wp-content\/uploads\/2023\/05\/Benchetrit.png","datePublished":"2023-04-18T09:24:43+00:00","dateModified":"2026-03-23T09:39:44+00:00","description":"Contactez-nous pour toute question concernant les troubles du sommeil et la prise en charge adapt\u00e9e. SOMNYZE centre de m\u00e9decine du sommeil.","breadcrumb":{"@id":"https:\/\/somnyze.com\/index.php\/contact-somnyze\/#breadcrumb"},"inLanguage":"fr-FR","potentialAction":[{"@type":"ReadAction","target":["https:\/\/somnyze.com\/index.php\/contact-somnyze\/"]}]},{"@type":"ImageObject","inLanguage":"fr-FR","@id":"https:\/\/somnyze.com\/index.php\/contact-somnyze\/#primaryimage","url":"https:\/\/somnyze.com\/wp-content\/uploads\/2023\/05\/Benchetrit.png","contentUrl":"https:\/\/somnyze.com\/wp-content\/uploads\/2023\/05\/Benchetrit.png","width":4000,"height":4264,"caption":"Le Dr Benchetrit, expert en m\u00e9decine du sommeil, met tout en \u0153uvre pour aider ses patients \u00e0 mieux dormir et am\u00e9liorer leur qualit\u00e9 de vie."},{"@type":"BreadcrumbList","@id":"https:\/\/somnyze.com\/index.php\/contact-somnyze\/#breadcrumb","itemListElement":[{"@type":"ListItem","position":1,"name":"Accueil","item":"https:\/\/somnyze.com\/"},{"@type":"ListItem","position":2,"name":"Contact"}]},{"@type":"WebSite","@id":"https:\/\/somnyze.com\/#website","url":"https:\/\/somnyze.com\/","name":"SOMNYZE","description":"centre de diagnostic et de traitement des troubles du sommeil","publisher":{"@id":"https:\/\/somnyze.com\/#organization"},"potentialAction":[{"@type":"SearchAction","target":{"@type":"EntryPoint","urlTemplate":"https:\/\/somnyze.com\/?s={search_term_string}"},"query-input":{"@type":"PropertyValueSpecification","valueRequired":true,"valueName":"search_term_string"}}],"inLanguage":"fr-FR"},{"@type":"Organization","@id":"https:\/\/somnyze.com\/#organization","name":"SOMNYZE","url":"https:\/\/somnyze.com\/","logo":{"@type":"ImageObject","inLanguage":"fr-FR","@id":"https:\/\/somnyze.com\/#\/schema\/logo\/image\/","url":"https:\/\/somnyze.com\/wp-content\/uploads\/2023\/05\/Plan-de-travail-1-copie-3SOMNYZE.svg","contentUrl":"https:\/\/somnyze.com\/wp-content\/uploads\/2023\/05\/Plan-de-travail-1-copie-3SOMNYZE.svg","width":543,"height":180,"caption":"SOMNYZE"},"image":{"@id":"https:\/\/somnyze.com\/#\/schema\/logo\/image\/"}}]}},"_links":{"self":[{"href":"https:\/\/somnyze.com\/index.php\/wp-json\/wp\/v2\/pages\/11572","targetHints":{"allow":["GET"]}}],"collection":[{"href":"https:\/\/somnyze.com\/index.php\/wp-json\/wp\/v2\/pages"}],"about":[{"href":"https:\/\/somnyze.com\/index.php\/wp-json\/wp\/v2\/types\/page"}],"author":[{"embeddable":true,"href":"https:\/\/somnyze.com\/index.php\/wp-json\/wp\/v2\/users\/1"}],"replies":[{"embeddable":true,"href":"https:\/\/somnyze.com\/index.php\/wp-json\/wp\/v2\/comments?post=11572"}],"version-history":[{"count":29,"href":"https:\/\/somnyze.com\/index.php\/wp-json\/wp\/v2\/pages\/11572\/revisions"}],"predecessor-version":[{"id":12312,"href":"https:\/\/somnyze.com\/index.php\/wp-json\/wp\/v2\/pages\/11572\/revisions\/12312"}],"wp:attachment":[{"href":"https:\/\/somnyze.com\/index.php\/wp-json\/wp\/v2\/media?parent=11572"}],"curies":[{"name":"wp","href":"https:\/\/api.w.org\/{rel}","templated":true}]}}